{"id":1565,"date":"2023-09-06T14:07:30","date_gmt":"2023-09-06T14:07:30","guid":{"rendered":"https:\/\/demosites.royal-elementor-addons.com\/solar-energy-v1\/?page_id=9"},"modified":"2026-04-16T12:17:03","modified_gmt":"2026-04-16T12:17:03","slug":"sobre","status":"publish","type":"page","link":"https:\/\/sites.inoarena.com\/Medeng\/sobre\/","title":{"rendered":"Sobre"},"content":{"rendered":"\t\t<div data-elementor-type=\"wp-page\" data-elementor-id=\"1565\" class=\"elementor elementor-1565\" data-elementor-post-type=\"page\">\n\t\t\t\t\t\t<section class=\"elementor-section elementor-top-section elementor-element elementor-element-5170393 elementor-section-boxed elementor-section-height-default elementor-section-height-default wpr-particle-no wpr-jarallax-no wpr-parallax-no wpr-sticky-section-no wpr-equal-height-no\" data-id=\"5170393\" data-element_type=\"section\" data-e-type=\"section\" data-settings=\"{&quot;background_background&quot;:&quot;classic&quot;}\">\n\t\t\t\t\t\t\t<div class=\"elementor-background-overlay\"><\/div>\n\t\t\t\t\t\t\t<div class=\"elementor-container elementor-column-gap-default\">\n\t\t\t\t\t<div class=\"elementor-column elementor-col-100 elementor-top-column elementor-element elementor-element-c53ab0d\" data-id=\"c53ab0d\" data-element_type=\"column\" data-e-type=\"column\">\n\t\t\t<div class=\"elementor-widget-wrap elementor-element-populated\">\n\t\t\t\t\t\t<div class=\"elementor-element elementor-element-b709dc4 elementor-widget elementor-widget-heading\" data-id=\"b709dc4\" data-element_type=\"widget\" data-e-type=\"widget\" data-widget_type=\"heading.default\">\n\t\t\t\t<div class=\"elementor-widget-container\">\n\t\t\t\t\t<h2 class=\"elementor-heading-title elementor-size-default\">Sobre<\/h2>\t\t\t\t<\/div>\n\t\t\t\t<\/div>\n\t\t\t\t<div class=\"elementor-element elementor-element-6971f64 elementor-widget elementor-widget-text-editor\" data-id=\"6971f64\" data-element_type=\"widget\" data-e-type=\"widget\" data-widget_type=\"text-editor.default\">\n\t\t\t\t<div class=\"elementor-widget-container\">\n\t\t\t\t\t\t\t\t\t<p>Unidos para tornar a sa\u00fade extraordin\u00e1ria<\/p>\t\t\t\t\t\t\t\t<\/div>\n\t\t\t\t<\/div>\n\t\t\t\t\t<\/div>\n\t\t<\/div>\n\t\t\t\t\t<\/div>\n\t\t<\/section>\n\t\t\t\t<section class=\"elementor-section elementor-top-section elementor-element elementor-element-dbd083e elementor-section-boxed elementor-section-height-default elementor-section-height-default wpr-particle-no wpr-jarallax-no wpr-parallax-no wpr-sticky-section-no wpr-equal-height-no\" data-id=\"dbd083e\" data-element_type=\"section\" data-e-type=\"section\">\n\t\t\t\t\t\t<div class=\"elementor-container elementor-column-gap-wide\">\n\t\t\t\t\t<div class=\"elementor-column elementor-col-50 elementor-top-column elementor-element elementor-element-6d62b65 elementor-invisible\" data-id=\"6d62b65\" data-element_type=\"column\" data-e-type=\"column\" data-settings=\"{&quot;animation&quot;:&quot;slideInLeft&quot;}\">\n\t\t\t<div class=\"elementor-widget-wrap elementor-element-populated\">\n\t\t\t\t\t\t<div class=\"elementor-element elementor-element-4d61d9f elementor-widget elementor-widget-heading\" data-id=\"4d61d9f\" data-element_type=\"widget\" data-e-type=\"widget\" data-widget_type=\"heading.default\">\n\t\t\t\t<div class=\"elementor-widget-container\">\n\t\t\t\t\t<h2 class=\"elementor-heading-title elementor-size-default\">QUEM SOMOS<\/h2>\t\t\t\t<\/div>\n\t\t\t\t<\/div>\n\t\t\t\t<div class=\"elementor-element elementor-element-38735c3 elementor-widget elementor-widget-heading\" data-id=\"38735c3\" data-element_type=\"widget\" data-e-type=\"widget\" data-widget_type=\"heading.default\">\n\t\t\t\t<div class=\"elementor-widget-container\">\n\t\t\t\t\t<h2 class=\"elementor-heading-title elementor-size-default\">Sua Parceira em Tecnologia M\u00e9dica<\/h2>\t\t\t\t<\/div>\n\t\t\t\t<\/div>\n\t\t\t\t<div class=\"elementor-element elementor-element-cc5326c elementor-widget elementor-widget-text-editor\" data-id=\"cc5326c\" data-element_type=\"widget\" data-e-type=\"widget\" data-widget_type=\"text-editor.default\">\n\t\t\t\t<div class=\"elementor-widget-container\">\n\t\t\t\t\t\t\t\t\t<p><span style=\"font-weight: 400;\">A MEDENG \u00e9 uma empresa angolana, com uma equipa dedicada \u00e0 comercializa\u00e7\u00e3o de equipamentos hospitalares, assist\u00eancia t\u00e9cnica e consultoria de projectos.<\/span><\/p><p><span style=\"font-weight: 400;\">Pretendemos identificar-nos no mercado pela oferta de produtos e servi\u00e7os diferenciados de alta qualidade no sector da Sa\u00fade. Neste sentido, contamos com uma equipa jovem nacional, muito ex\u0440\u0435riente e capacitada com forma\u00e7\u00f5es dos nossos fornecedores, Especializa\u00e7\u00e3o de Engenharia Biom\u00e9dica\/Cl\u00ednica, Gest\u00e3o de Tecnologias e Projectos Hospitalares, com o objectivo de contribuir para o desenvolvimento do sector da Sa\u00fade em todo Pa\u00eds.<\/span><\/p>\t\t\t\t\t\t\t\t<\/div>\n\t\t\t\t<\/div>\n\t\t\t\t<div class=\"elementor-element elementor-element-29b1608 elementor-hidden-desktop elementor-hidden-laptop elementor-hidden-tablet elementor-hidden-mobile wpr-button-icon-style-inline wpr-button-icon-position-right elementor-widget elementor-widget-wpr-button\" data-id=\"29b1608\" data-element_type=\"widget\" data-e-type=\"widget\" data-widget_type=\"wpr-button.default\">\n\t\t\t\t<div class=\"elementor-widget-container\">\n\t\t\t\t\t\t\n\t\t\t\n\t\t\n\t\t<div class=\"wpr-button-wrap elementor-clearfix\">\n\t\t<a class=\"wpr-button wpr-button-effect wpr-button-none\" data-text=\"\" href=\"#link\">\n\t\t\t\n\t\t\t<span class=\"wpr-button-content\">\n\t\t\t\t\t\t\t\t\t<span class=\"wpr-button-text\">Descubra mais<\/span>\n\t\t\t\t\t\t\t\t\n\t\t\t\t\t\t\t<\/span>\n\t\t<\/a>\n\n\t\t\t\t<\/div>\n\t\n\t\n\t\t\t\t\t<\/div>\n\t\t\t\t<\/div>\n\t\t\t\t\t<\/div>\n\t\t<\/div>\n\t\t\t\t<div class=\"elementor-column elementor-col-50 elementor-top-column elementor-element elementor-element-222b6ab elementor-invisible\" data-id=\"222b6ab\" data-element_type=\"column\" data-e-type=\"column\" data-settings=\"{&quot;animation&quot;:&quot;slideInRight&quot;}\">\n\t\t\t<div class=\"elementor-widget-wrap elementor-element-populated\">\n\t\t\t\t\t\t<div class=\"elementor-element elementor-element-4050e09 elementor-widget elementor-widget-image\" data-id=\"4050e09\" data-element_type=\"widget\" data-e-type=\"widget\" data-widget_type=\"image.default\">\n\t\t\t\t<div class=\"elementor-widget-container\">\n\t\t\t\t\t\t\t\t\t\t\t\t\t\t\t<img fetchpriority=\"high\" decoding=\"async\" width=\"1280\" height=\"960\" src=\"https:\/\/sites.inoarena.com\/Medeng\/wp-content\/uploads\/2026\/03\/IMG-20240405-WA0007.jpg\" class=\"attachment-full size-full wp-image-3306\" alt=\"\" srcset=\"https:\/\/sites.inoarena.com\/Medeng\/wp-content\/uploads\/2026\/03\/IMG-20240405-WA0007.jpg 1280w, https:\/\/sites.inoarena.com\/Medeng\/wp-content\/uploads\/2026\/03\/IMG-20240405-WA0007-300x225.jpg 300w, https:\/\/sites.inoarena.com\/Medeng\/wp-content\/uploads\/2026\/03\/IMG-20240405-WA0007-1024x768.jpg 1024w, https:\/\/sites.inoarena.com\/Medeng\/wp-content\/uploads\/2026\/03\/IMG-20240405-WA0007-768x576.jpg 768w\" sizes=\"(max-width: 1280px) 100vw, 1280px\" \/>\t\t\t\t\t\t\t\t\t\t\t\t\t\t\t<\/div>\n\t\t\t\t<\/div>\n\t\t\t\t\t<\/div>\n\t\t<\/div>\n\t\t\t\t\t<\/div>\n\t\t<\/section>\n\t\t\t\t<section class=\"elementor-section elementor-top-section elementor-element elementor-element-ee6bd54 elementor-section-boxed elementor-section-height-default elementor-section-height-default wpr-particle-no wpr-jarallax-no wpr-parallax-no wpr-sticky-section-no wpr-equal-height-no\" data-id=\"ee6bd54\" data-element_type=\"section\" data-e-type=\"section\" data-settings=\"{&quot;background_background&quot;:&quot;classic&quot;}\">\n\t\t\t\t\t\t\t<div class=\"elementor-background-overlay\"><\/div>\n\t\t\t\t\t\t\t<div class=\"elementor-container elementor-column-gap-default\">\n\t\t\t\t\t<div class=\"elementor-column elementor-col-50 elementor-top-column elementor-element elementor-element-e6bd7b4\" data-id=\"e6bd7b4\" data-element_type=\"column\" data-e-type=\"column\">\n\t\t\t<div class=\"elementor-widget-wrap elementor-element-populated\">\n\t\t\t\t\t\t<div class=\"elementor-element elementor-element-8102011 elementor-widget elementor-widget-heading\" data-id=\"8102011\" data-element_type=\"widget\" data-e-type=\"widget\" data-widget_type=\"heading.default\">\n\t\t\t\t<div class=\"elementor-widget-container\">\n\t\t\t\t\t<h2 class=\"elementor-heading-title elementor-size-default\">O que oferecemos<\/h2>\t\t\t\t<\/div>\n\t\t\t\t<\/div>\n\t\t\t\t<div class=\"elementor-element elementor-element-ba31b9b elementor-widget elementor-widget-heading\" data-id=\"ba31b9b\" data-element_type=\"widget\" data-e-type=\"widget\" data-widget_type=\"heading.default\">\n\t\t\t\t<div class=\"elementor-widget-container\">\n\t\t\t\t\t<h2 class=\"elementor-heading-title elementor-size-default\">Garantir a seguran\u00e7a e maximizar a efici\u00eancia<\/h2>\t\t\t\t<\/div>\n\t\t\t\t<\/div>\n\t\t\t\t<div class=\"elementor-element elementor-element-7ff98e8 elementor-widget elementor-widget-text-editor\" data-id=\"7ff98e8\" data-element_type=\"widget\" data-e-type=\"widget\" data-widget_type=\"text-editor.default\">\n\t\t\t\t<div class=\"elementor-widget-container\">\n\t\t\t\t\t\t\t\t\t<p>Priorizamos opera\u00e7\u00f5es sustent\u00e1veis \u200b\u200bpara garantir que nossos clientes recebam um servi\u00e7o excepcional e valor duradouro, promovendo satisfa\u00e7\u00e3o e parcerias de longo prazo.<\/p>\t\t\t\t\t\t\t\t<\/div>\n\t\t\t\t<\/div>\n\t\t\t\t\t<\/div>\n\t\t<\/div>\n\t\t\t\t<div class=\"elementor-column elementor-col-50 elementor-top-column elementor-element elementor-element-2301cdc\" data-id=\"2301cdc\" data-element_type=\"column\" data-e-type=\"column\">\n\t\t\t<div class=\"elementor-widget-wrap elementor-element-populated\">\n\t\t\t\t\t\t<div class=\"elementor-element elementor-element-cf302b2 wpr-feature-list-left wpr-feature-list-square wpr-feature-list-line-yes elementor-widget elementor-widget-wpr-feature-list\" data-id=\"cf302b2\" data-element_type=\"widget\" data-e-type=\"widget\" data-widget_type=\"wpr-feature-list.default\">\n\t\t\t\t<div class=\"elementor-widget-container\">\n\t\t\t\t\t<div class=\"wpr-feature-list-wrap\"><ul class=\"wpr-feature-list\"><li class=\"wpr-feature-list-item elementor-repeater-item-99ca752\"><div class=\"wpr-feature-list-icon-wrap\"><span class=\"wpr-feature-list-line\"><\/span><div class=\"wpr-feature-list-icon-inner-wrap\"><svg aria-hidden=\"true\" class=\"e-font-icon-svg e-far-lightbulb\" viewBox=\"0 0 352 512\" xmlns=\"http:\/\/www.w3.org\/2000\/svg\"><path d=\"M176 80c-52.94 0-96 43.06-96 96 0 8.84 7.16 16 16 16s16-7.16 16-16c0-35.3 28.72-64 64-64 8.84 0 16-7.16 16-16s-7.16-16-16-16zM96.06 459.17c0 3.15.93 6.22 2.68 8.84l24.51 36.84c2.97 4.46 7.97 7.14 13.32 7.14h78.85c5.36 0 10.36-2.68 13.32-7.14l24.51-36.84c1.74-2.62 2.67-5.7 2.68-8.84l.05-43.18H96.02l.04 43.18zM176 0C73.72 0 0 82.97 0 176c0 44.37 16.45 84.85 43.56 115.78 16.64 18.99 42.74 58.8 52.42 92.16v.06h48v-.12c-.01-4.77-.72-9.51-2.15-14.07-5.59-17.81-22.82-64.77-62.17-109.67-20.54-23.43-31.52-53.15-31.61-84.14-.2-73.64 59.67-128 127.95-128 70.58 0 128 57.42 128 128 0 30.97-11.24 60.85-31.65 84.14-39.11 44.61-56.42 91.47-62.1 109.46a47.507 47.507 0 0 0-2.22 14.3v.1h48v-.05c9.68-33.37 35.78-73.18 52.42-92.16C335.55 260.85 352 220.37 352 176 352 78.8 273.2 0 176 0z\"><\/path><\/svg><\/div><\/div><div class=\"wpr-feature-list-content-wrap\"><h2 class=\"wpr-feature-list-title\"><a class=\"wpr-feature-list-url\" target=\"_blank\" rel=\"nofollow\">Vis\u00e3o<\/a><\/h2><p class=\"wpr-feature-list-description\">A nossa vis\u00e3o \u00e9 tornarmo-nos uma refer\u00eancia no mercado nacional, ou seja, pretendemos ser reconhecidos pela qualidade dos nossos produtos e servi\u00e7os, atrav\u00e9s da aplica\u00e7\u00e3o das melhores pr\u00e1ticas de venda de equipamentos m\u00e9dicos, instala\u00e7\u00e3o, forma\u00e7\u00e3o\/educa\u00e7\u00e3o, manuten\u00e7\u00e3o\/servi\u00e7o em toda a Angola.<\/p><\/div><\/li><li class=\"wpr-feature-list-item elementor-repeater-item-c0b41e1\"><div class=\"wpr-feature-list-icon-wrap\"><span class=\"wpr-feature-list-line\"><\/span><div class=\"wpr-feature-list-icon-inner-wrap\"><svg aria-hidden=\"true\" class=\"e-font-icon-svg e-fas-undo-alt\" viewBox=\"0 0 512 512\" xmlns=\"http:\/\/www.w3.org\/2000\/svg\"><path d=\"M255.545 8c-66.269.119-126.438 26.233-170.86 68.685L48.971 40.971C33.851 25.851 8 36.559 8 57.941V192c0 13.255 10.745 24 24 24h134.059c21.382 0 32.09-25.851 16.971-40.971l-41.75-41.75c30.864-28.899 70.801-44.907 113.23-45.273 92.398-.798 170.283 73.977 169.484 169.442C423.236 348.009 349.816 424 256 424c-41.127 0-79.997-14.678-110.63-41.556-4.743-4.161-11.906-3.908-16.368.553L89.34 422.659c-4.872 4.872-4.631 12.815.482 17.433C133.798 479.813 192.074 504 256 504c136.966 0 247.999-111.033 248-247.998C504.001 119.193 392.354 7.755 255.545 8z\"><\/path><\/svg><\/div><\/div><div class=\"wpr-feature-list-content-wrap\"><h2 class=\"wpr-feature-list-title\"><a class=\"wpr-feature-list-url\" target=\"_blank\" rel=\"nofollow\">Miss\u00e3o<\/a><\/h2><p class=\"wpr-feature-list-description\">A nossa miss\u00e3o \u00e9 contribuir com excel\u00eancia para o progresso, desenvolvimento e melhoria da qualidade dos servi\u00e7os de sa\u00fade prestados em todo o Pa\u00eds e, consequentemente, contribuir para a melhoria da qualidade de vida da popula\u00e7\u00e3o, para que possam viver uma vida mais saud\u00e1vel e produtiva. Assim, deixando um legado para as gera\u00e7\u00f5es futuras. <\/p><\/div><\/li><li class=\"wpr-feature-list-item elementor-repeater-item-91550ec\"><div class=\"wpr-feature-list-icon-wrap\"><span class=\"wpr-feature-list-line\"><\/span><div class=\"wpr-feature-list-icon-inner-wrap\"><svg aria-hidden=\"true\" class=\"e-font-icon-svg e-far-bookmark\" viewBox=\"0 0 384 512\" xmlns=\"http:\/\/www.w3.org\/2000\/svg\"><path d=\"M336 0H48C21.49 0 0 21.49 0 48v464l192-112 192 112V48c0-26.51-21.49-48-48-48zm0 428.43l-144-84-144 84V54a6 6 0 0 1 6-6h276c3.314 0 6 2.683 6 5.996V428.43z\"><\/path><\/svg><\/div><\/div><div class=\"wpr-feature-list-content-wrap\"><h2 class=\"wpr-feature-list-title\"><a class=\"wpr-feature-list-url\" target=\"_blank\" rel=\"nofollow\">Valores<\/a><\/h2><p class=\"wpr-feature-list-description\">A identidade corporativa da MEDENG assenta num conjunto de valores, tais como: <br>\n \n\u2022 Trabalho em equipa <br>\n\u2022 Profissionalismo <br>\n\u2022 Disciplina <br>\n\u2022 Transpar\u00eancia <br>\n\u2022 Integridade Inova\u00e7\u00e3o <br>\n\u2022 Responsabilidade social\n<\/p><\/div><\/li><\/ul><\/div>\t\t\t\t<\/div>\n\t\t\t\t<\/div>\n\t\t\t\t\t<\/div>\n\t\t<\/div>\n\t\t\t\t\t<\/div>\n\t\t<\/section>\n\t\t\t\t<\/div>\n\t\t","protected":false},"excerpt":{"rendered":"<p>Sobre Unidos para tornar a sa\u00fade extraordin\u00e1ria QUEM SOMOS Sua Parceira em Tecnologia M\u00e9dica A MEDENG \u00e9 uma empresa angolana, com uma equipa dedicada \u00e0 comercializa\u00e7\u00e3o de equipamentos hospitalares, assist\u00eancia t\u00e9cnica e consultoria de projectos. Pretendemos identificar-nos no mercado pela oferta de produtos e servi\u00e7os diferenciados de alta qualidade no sector da Sa\u00fade. Neste sentido, contamos com uma equipa jovem nacional, muito ex\u0440\u0435riente e capacitada com forma\u00e7\u00f5es dos nossos fornecedores, Especializa\u00e7\u00e3o de Engenharia Biom\u00e9dica\/Cl\u00ednica, Gest\u00e3o de Tecnologias e Projectos Hospitalares, com o objectivo de contribuir para o desenvolvimento do sector da Sa\u00fade em todo Pa\u00eds. Descubra mais O que oferecemos Garantir a seguran\u00e7a e maximizar a efici\u00eancia Priorizamos opera\u00e7\u00f5es sustent\u00e1veis \u200b\u200bpara garantir que nossos clientes recebam um servi\u00e7o excepcional e valor duradouro, promovendo satisfa\u00e7\u00e3o e parcerias de longo prazo. Vis\u00e3o A nossa vis\u00e3o \u00e9 tornarmo-nos uma refer\u00eancia no mercado nacional, ou seja, pretendemos ser reconhecidos pela qualidade dos nossos produtos e servi\u00e7os, atrav\u00e9s da aplica\u00e7\u00e3o das melhores pr\u00e1ticas de venda de equipamentos m\u00e9dicos, instala\u00e7\u00e3o, forma\u00e7\u00e3o\/educa\u00e7\u00e3o, manuten\u00e7\u00e3o\/servi\u00e7o em toda a Angola. Miss\u00e3o A nossa miss\u00e3o \u00e9 contribuir com excel\u00eancia para o progresso, desenvolvimento e melhoria da qualidade dos servi\u00e7os de sa\u00fade prestados em todo o Pa\u00eds e, consequentemente, contribuir para a melhoria da qualidade de vida da popula\u00e7\u00e3o, para que possam viver uma vida mais saud\u00e1vel e produtiva. Assim, deixando um legado para as gera\u00e7\u00f5es futuras. Valores A identidade corporativa da MEDENG assenta num conjunto de valores, tais como: \u2022 Trabalho em equipa \u2022 Profissionalismo \u2022 Disciplina \u2022 Transpar\u00eancia \u2022 Integridade Inova\u00e7\u00e3o \u2022 Responsabilidade social<\/p>\n","protected":false},"author":1,"featured_media":0,"parent":0,"menu_order":0,"comment_status":"closed","ping_status":"closed","template":"elementor_canvas","meta":{"_joinchat":[],"footnotes":""},"class_list":["post-1565","page","type-page","status-publish","hentry"],"aioseo_notices":[],"_links":{"self":[{"href":"https:\/\/sites.inoarena.com\/Medeng\/wp-json\/wp\/v2\/pages\/1565","targetHints":{"allow":["GET"]}}],"collection":[{"href":"https:\/\/sites.inoarena.com\/Medeng\/wp-json\/wp\/v2\/pages"}],"about":[{"href":"https:\/\/sites.inoarena.com\/Medeng\/wp-json\/wp\/v2\/types\/page"}],"author":[{"embeddable":true,"href":"https:\/\/sites.inoarena.com\/Medeng\/wp-json\/wp\/v2\/users\/1"}],"replies":[{"embeddable":true,"href":"https:\/\/sites.inoarena.com\/Medeng\/wp-json\/wp\/v2\/comments?post=1565"}],"version-history":[{"count":238,"href":"https:\/\/sites.inoarena.com\/Medeng\/wp-json\/wp\/v2\/pages\/1565\/revisions"}],"predecessor-version":[{"id":4078,"href":"https:\/\/sites.inoarena.com\/Medeng\/wp-json\/wp\/v2\/pages\/1565\/revisions\/4078"}],"wp:attachment":[{"href":"https:\/\/sites.inoarena.com\/Medeng\/wp-json\/wp\/v2\/media?parent=1565"}],"curies":[{"name":"wp","href":"https:\/\/api.w.org\/{rel}","templated":true}]}}